{"id":40,"date":"2015-06-27T14:49:50","date_gmt":"2015-06-27T12:49:50","guid":{"rendered":"http:\/\/bozen-wien.net\/?page_id=40"},"modified":"2015-10-15T14:48:18","modified_gmt":"2015-10-15T12:48:18","slug":"etappen-in-suedtirol","status":"publish","type":"page","link":"https:\/\/bozen-wien.net\/blog2015\/","title":{"rendered":"Wir sind dann mal weg!"},"content":{"rendered":"<p>Fernwanderungen werden immer beliebter. Zigtausende machen sich auf den Weg, um etappenweise die Alpen zu \u00fcberqueren, die Reliquien Hl. Jakob in Campostela aufzusuchen oder eine andere Pilgerreise auf Schusters Rappen zu unternehmen.<\/p>\n<p><a href=\"http:\/\/bozen-wien.net\/wp-content\/uploads\/2015\/07\/am_Start1.jpg\"><img loading=\"lazy\" decoding=\"async\" class=\" size-medium wp-image-86 alignleft\" src=\"http:\/\/bozen-wien.net\/wp-content\/uploads\/2015\/07\/am_Start1-300x200.jpg\" alt=\"\" width=\"300\" height=\"200\" srcset=\"https:\/\/bozen-wien.net\/blog2015\/wp-content\/uploads\/2015\/07\/am_Start1-300x200.jpg 300w, https:\/\/bozen-wien.net\/blog2015\/wp-content\/uploads\/2015\/07\/am_Start1.jpg 400w\" sizes=\"auto, (max-width: 300px) 100vw, 300px\" \/><\/a>Meine Frau Erika und ich haben uns eine Fernwanderung von Bozen nach Wien vorgenommen, zum einen weil unsere Kinder seit Jahren in Wien studieren bzw. arbeiten, zum andern aber weil wir \u00d6sterreich &#8211; Landschaft und Leute &#8211; etwas n\u00e4her kennenlernen wollen, was uns nur zu Fu\u00df m\u00f6glich erscheint.<\/p>\n<p>Die Wanderung soll uns von Bozen \u00fcber V\u00f6ls (unser Heimatort), Gr\u00f6den, Villn\u00f6ss, Gadertal, Pustertal, Antholz zum Stallersattel f\u00fchren und von dort durchs osttirolische Defereggental \u00fcber das Glocknergebiet nach Zell am See. Weiter geht die Wanderung in den Pongau und \u00fcber Bischofshofen nach Bad Goisern am Hallst\u00e4tter See. Etwas beschwerlich d\u00fcrfte dann der Marsch durch das Tote Gebirge nach Hinterstoder werden.<\/p>\n<p>Das letzte Drittel des Weges gibt unserer Wanderung noch einen Hauch von Pilgertum, denn planm\u00e4\u00dfig sollten wir nach Mariazell, dem wichtigsten Wallfahrtsort f\u00fcr die Wiener, kommen. Die letzten Abschnitte sind Flachetappen in Nieder\u00f6sterreich, vorbei an Berndorf, Bad V\u00f6slau, Baden, M\u00f6dling nach Wien.<\/p>\n<p>&nbsp;<\/p>\n<div id=\"attachment_64\" style=\"width: 760px\" class=\"wp-caption alignleft\"><a href=\"http:\/\/bozen-wien.net\/wp-content\/uploads\/2015\/07\/gesamtstrecke.jpg\"><img loading=\"lazy\" decoding=\"async\" aria-describedby=\"caption-attachment-64\" class=\"wp-image-64 size-full\" src=\"http:\/\/bozen-wien.net\/wp-content\/uploads\/2015\/07\/gesamtstrecke.jpg\" alt=\"gesamtstrecke\" width=\"750\" height=\"413\" srcset=\"https:\/\/bozen-wien.net\/blog2015\/wp-content\/uploads\/2015\/07\/gesamtstrecke.jpg 750w, https:\/\/bozen-wien.net\/blog2015\/wp-content\/uploads\/2015\/07\/gesamtstrecke-300x165.jpg 300w\" sizes=\"auto, (max-width: 750px) 100vw, 750px\" \/><\/a><p id=\"caption-attachment-64\" class=\"wp-caption-text\">Der Verlauf der Strecke von Bozen nach Wien<\/p><\/div>\n<p>Start: Bozen, Waltherplatz<\/p>\n<p>Ziel: Wien, Stefansplatz<\/p>\n<p>Gesamtl\u00e4nge 620 km ca.<\/p>\n<p>H\u00f6henmeter + und &#8211; 18000 m ca.<\/p>\n<p>23 bzw. 24 Etappen &#8211; das bedeutet durchschnittlich 27 bzw. 26 km pro Etappe<\/p>\n<p>&nbsp;<\/p>\n","protected":false},"excerpt":{"rendered":"<p>Fernwanderungen werden immer beliebter. Zigtausende machen sich auf den Weg, um etappenweise die Alpen zu \u00fcberqueren, die Reliquien Hl. Jakob in Campostela aufzusuchen oder eine andere Pilgerreise auf Schusters Rappen zu unternehmen. Meine Frau Erika und ich haben uns eine &hellip; <a href=\"https:\/\/bozen-wien.net\/blog2015\/\">Weiterlesen <span class=\"meta-nav\">&rarr;<\/span><\/a><\/p>\n","protected":false},"author":1,"featured_media":0,"parent":0,"menu_order":0,"comment_status":"open","ping_status":"open","template":"","meta":{"footnotes":""},"class_list":["post-40","page","type-page","status-publish","hentry"],"_links":{"self":[{"href":"https:\/\/bozen-wien.net\/blog2015\/index.php?rest_route=\/wp\/v2\/pages\/40","targetHints":{"allow":["GET"]}}],"collection":[{"href":"https:\/\/bozen-wien.net\/blog2015\/index.php?rest_route=\/wp\/v2\/pages"}],"about":[{"href":"https:\/\/bozen-wien.net\/blog2015\/index.php?rest_route=\/wp\/v2\/types\/page"}],"author":[{"embeddable":true,"href":"https:\/\/bozen-wien.net\/blog2015\/index.php?rest_route=\/wp\/v2\/users\/1"}],"replies":[{"embeddable":true,"href":"https:\/\/bozen-wien.net\/blog2015\/index.php?rest_route=%2Fwp%2Fv2%2Fcomments&post=40"}],"version-history":[{"count":8,"href":"https:\/\/bozen-wien.net\/blog2015\/index.php?rest_route=\/wp\/v2\/pages\/40\/revisions"}],"predecessor-version":[{"id":713,"href":"https:\/\/bozen-wien.net\/blog2015\/index.php?rest_route=\/wp\/v2\/pages\/40\/revisions\/713"}],"wp:attachment":[{"href":"https:\/\/bozen-wien.net\/blog2015\/index.php?rest_route=%2Fwp%2Fv2%2Fmedia&parent=40"}],"curies":[{"name":"wp","href":"https:\/\/api.w.org\/{rel}","templated":true}]}}